{"id":1874,"date":"2019-12-19T20:05:23","date_gmt":"2019-12-19T19:05:23","guid":{"rendered":"https:\/\/www.techostensados.com\/quien-somos\/"},"modified":"2020-02-12T12:00:51","modified_gmt":"2020-02-12T11:00:51","slug":"qui-som","status":"publish","type":"page","link":"https:\/\/www.techostensados.com\/ca\/qui-som\/","title":{"rendered":"Qui som"},"content":{"rendered":"<p><div class=\"fusion-fullwidth fullwidth-box fusion-builder-row-1 hundred-percent-fullwidth non-hundred-percent-height-scrolling fusion-equal-height-columns\" style=\"--awb-border-radius-top-left:0px;--awb-border-radius-top-right:0px;--awb-border-radius-bottom-right:0px;--awb-border-radius-bottom-left:0px;--awb-padding-right:0px;--awb-padding-bottom:0px;--awb-padding-left:0px;--awb-flex-wrap:wrap;\" ><div class=\"fusion-builder-row fusion-row\"><div class=\"fusion-layout-column fusion_builder_column fusion-builder-column-0 fusion_builder_column_1_2 1_2 fusion-one-half fusion-column-first fusion-column-inner-bg-wrapper\" style=\"--awb-inner-bg-image:url(&#039;https:\/\/www.techostensados.com\/wp-content\/uploads\/2019\/12\/equipo-trabajando-techostensados-vertical.jpg&#039;);--awb-inner-bg-position:center center;--awb-inner-bg-size:cover;--awb-margin-bottom:0px;width:50%;width:calc(50% - ( ( 0px ) * 0.5 ) );margin-right: 0px;\"><span class=\"fusion-column-inner-bg hover-type-zoomin\"><span class=\"fusion-column-anchor\"><span class=\"fusion-column-inner-bg-image\"><\/span><\/span><\/span><div class=\"fusion-column-wrapper fusion-column-has-shadow fusion-flex-column-wrapper-legacy fusion-empty-column-bg-image fusion-column-has-bg-image\" data-bg-url=\"https:\/\/www.techostensados.com\/wp-content\/uploads\/2019\/12\/equipo-trabajando-techostensados-vertical.jpg\"><img decoding=\"async\" class=\"fusion-empty-dims-img-placeholder fusion-no-large-visibility\" aria-label=\"equipo-trabajando-techostensados-vertical\" src=\"data:image\/svg+xml,%3Csvg%20xmlns%3D%27http%3A%2F%2Fwww.w3.org%2F2000%2Fsvg%27%20width%3D%271268%27%20height%3D%271267%27%20viewBox%3D%270%200%201268%201267%27%3E%3Crect%20width%3D%271268%27%20height%3D%271267%27%20fill-opacity%3D%220%22%2F%3E%3C%2Fsvg%3E\"><div class=\"fusion-clearfix\"><\/div><\/div><\/div><div class=\"fusion-layout-column fusion_builder_column fusion-builder-column-1 fusion_builder_column_1_2 1_2 fusion-one-half fusion-column-last\" style=\"--awb-padding-top:60px;--awb-padding-right:60px;--awb-padding-bottom:60px;--awb-padding-left:60px;--awb-bg-size:cover;--awb-border-color:#f63c81;--awb-border-top:5px;--awb-border-style:solid;--awb-margin-bottom:0px;width:50%;width:calc(50% - ( ( 0px ) * 0.5 ) );\"><div class=\"fusion-column-wrapper fusion-column-has-shadow fusion-flex-column-wrapper-legacy\"><div class=\"fusion-title title fusion-title-1 fusion-sep-none fusion-title-text fusion-title-size-two\" style=\"--awb-margin-bottom:10px;--awb-margin-right-small:0px;--awb-margin-bottom-small:10px;--awb-margin-left-small:0px;\"><h2 class=\"fusion-title-heading title-heading-left fusion-responsive-typography-calculated\" style=\"margin:0;letter-spacing:0px;--fontSize:55;line-height:1.5;\">Som el teu equip<\/h2><\/div><div class=\"fusion-title title fusion-title-2 fusion-sep-none fusion-title-text fusion-title-size-five\" style=\"--awb-text-color:#ffffff;--awb-margin-top:30px;--awb-margin-bottom:10px;--awb-margin-top-small:30px;--awb-margin-right-small:0px;--awb-margin-bottom-small:10px;--awb-margin-left-small:0px;--awb-font-size:20px;\"><h5 class=\"fusion-title-heading title-heading-left fusion-responsive-typography-calculated\" style=\"margin:0;font-size:1em;--fontSize:20;--minFontSize:20;line-height:1.5;\"><strong>SOSTRES TENSATS<\/strong><\/h5><\/div><div class=\"fusion-text fusion-text-1\"><p>A <strong>Techos Tensados SLU<\/strong> ens motiva el fet que cada projecte \u00e9s diferent, en diferents apartats i llocs diversos, per\u00f2 sempre partint de la mateixa base i amb els nostres 38 anys d&#8217;experi\u00e8ncia i tenint en l&#8217;equip la primera persona professional representant que va donar a con\u00e8ixer i que va portar aquest producte a ESPANYA, don JORDI COMAS VERDAGUER. Unit a aquest orgull, l&#8217;experi\u00e8ncia i la satisfacci\u00f3 dels nostres clients ens avalen.<\/p>\n<p><strong>Techos Tensados SLU<\/strong> som una empresa dedicada a la importaci\u00f3, fabricaci\u00f3 i instal\u00b7laci\u00f3 de sostres tensats.<\/p>\n<p>Vam comen\u00e7ar fa 38 anys, a l&#8217;abril de 1982 reformant les nostres dues botigues de Sant Pol de Mar (Barcelona), utilitzant com a decoraci\u00f3 dels sostres tensats.<\/p>\n<p>L&#8217;impacte de la decoraci\u00f3 va ser molt admirada pels nostres clients, plante\u00e1ndolos utilitzar aquests sostres en els seus projectes.<\/p>\n<p><strong>Techos Tensados SLU<\/strong> pel seu comportament decoratiu, pr\u00e0ctic, econ\u00f2mic, ens ha donat el resultat esperat. Avui, despr\u00e9s de 37 anys, hem instal\u00b7lat milers de metres quadrats, conservant despr\u00e9s d&#8217;aquest temps molts dels nostres primers clients, prova d&#8217;aix\u00f2 \u00e9s la infinitat de possibilitats que ofereixen els dissenys dels nostres sostres tensats.<\/p>\n<p>Hem instal\u00b7lat sostres tibats a tot el territori Espanyol, aix\u00ed com a Andorra, Portugal, Fran\u00e7a, Regne Unit, It\u00e0lia, Gr\u00e8cia, Holanda, Dubai.<\/p>\n<p><strong>SOM EL TEU EQUIP!<\/strong><\/p>\n<\/div><div class=\"fusion-title title fusion-title-3 fusion-sep-none fusion-title-text fusion-title-size-five\" style=\"--awb-text-color:#ffffff;--awb-margin-top:40px;--awb-margin-bottom:20px;--awb-margin-top-small:40px;--awb-margin-right-small:0px;--awb-margin-bottom-small:20px;--awb-margin-left-small:0px;--awb-font-size:20px;\"><h5 class=\"fusion-title-heading title-heading-left fusion-responsive-typography-calculated\" style=\"margin:0;font-size:1em;--fontSize:20;--minFontSize:20;line-height:1.5;\"><p><strong>EN PLENA FEINA<br \/>\n<\/strong><\/p><\/h5><\/div><div class=\"awb-gallery-wrapper awb-gallery-wrapper-1 button-span-no\"><div style=\"margin:-10px;--awb-bordersize:0px;\" class=\"fusion-gallery fusion-gallery-container fusion-grid-3 fusion-columns-total-6 fusion-gallery-layout-grid fusion-gallery-1\"><div style=\"padding:10px;\" class=\"fusion-grid-column fusion-gallery-column fusion-gallery-column-3 hover-type-zoomin\"><div class=\"fusion-gallery-image\"><a href=\"https:\/\/www.techostensados.com\/wp-content\/uploads\/2020\/01\/techos-tensados-equipo-1.jpg\" rel=\"noreferrer\" data-rel=\"iLightbox[gallery_image_1]\" class=\"fusion-lightbox\" target=\"_self\"><img decoding=\"async\" src=\"https:\/\/www.techostensados.com\/wp-content\/uploads\/2020\/01\/techos-tensados-equipo-1-460x295.jpg\" width=\"460\" height=\"295\" alt=\"\" title=\"techos-tensados-equipo-1\" aria-label=\"techos-tensados-equipo-1\" class=\"img-responsive wp-image-1187 fusion-gallery-image-size-fixed\"  \/><\/a><\/div><\/div><div style=\"padding:10px;\" class=\"fusion-grid-column fusion-gallery-column fusion-gallery-column-3 hover-type-zoomin\"><div class=\"fusion-gallery-image\"><a href=\"https:\/\/www.techostensados.com\/wp-content\/uploads\/2020\/01\/techos-tensados-equipo-2.jpg\" rel=\"noreferrer\" data-rel=\"iLightbox[gallery_image_1]\" class=\"fusion-lightbox\" target=\"_self\"><img decoding=\"async\" src=\"https:\/\/www.techostensados.com\/wp-content\/uploads\/2020\/01\/techos-tensados-equipo-2-460x295.jpg\" width=\"460\" height=\"295\" alt=\"\" title=\"techos-tensados-equipo-2\" aria-label=\"techos-tensados-equipo-2\" class=\"img-responsive wp-image-1188 fusion-gallery-image-size-fixed\"  \/><\/a><\/div><\/div><div style=\"padding:10px;\" class=\"fusion-grid-column fusion-gallery-column fusion-gallery-column-3 hover-type-zoomin\"><div class=\"fusion-gallery-image\"><a href=\"https:\/\/www.techostensados.com\/wp-content\/uploads\/2020\/01\/techos-tensados-equipo-3-rotated.jpg\" rel=\"noreferrer\" data-rel=\"iLightbox[gallery_image_1]\" class=\"fusion-lightbox\" target=\"_self\"><img decoding=\"async\" src=\"https:\/\/www.techostensados.com\/wp-content\/uploads\/2020\/01\/techos-tensados-equipo-3-460x295.jpg\" width=\"460\" height=\"295\" alt=\"\" title=\"techos-tensados-equipo-3\" aria-label=\"techos-tensados-equipo-3\" class=\"img-responsive wp-image-1189 fusion-gallery-image-size-fixed\"  \/><\/a><\/div><\/div><div class=\"clearfix\"><\/div><div style=\"padding:10px;\" class=\"fusion-grid-column fusion-gallery-column fusion-gallery-column-3 hover-type-zoomin\"><div class=\"fusion-gallery-image\"><a href=\"https:\/\/www.techostensados.com\/wp-content\/uploads\/2020\/01\/techos-tensados-equipo-4-rotated.jpg\" rel=\"noreferrer\" data-rel=\"iLightbox[gallery_image_1]\" class=\"fusion-lightbox\" target=\"_self\"><img decoding=\"async\" src=\"https:\/\/www.techostensados.com\/wp-content\/uploads\/2020\/01\/techos-tensados-equipo-4-460x295.jpg\" width=\"460\" height=\"295\" alt=\"\" title=\"techos-tensados-equipo-4\" aria-label=\"techos-tensados-equipo-4\" class=\"img-responsive wp-image-1190 fusion-gallery-image-size-fixed\"  \/><\/a><\/div><\/div><div style=\"padding:10px;\" class=\"fusion-grid-column fusion-gallery-column fusion-gallery-column-3 hover-type-zoomin\"><div class=\"fusion-gallery-image\"><a href=\"https:\/\/www.techostensados.com\/wp-content\/uploads\/2020\/01\/techos-tensados-equipo-5-rotated.jpg\" rel=\"noreferrer\" data-rel=\"iLightbox[gallery_image_1]\" class=\"fusion-lightbox\" target=\"_self\"><img decoding=\"async\" src=\"https:\/\/www.techostensados.com\/wp-content\/uploads\/2020\/01\/techos-tensados-equipo-5-460x295.jpg\" width=\"460\" height=\"295\" alt=\"\" title=\"techos-tensados-equipo-5\" aria-label=\"techos-tensados-equipo-5\" class=\"img-responsive wp-image-1191 fusion-gallery-image-size-fixed\"  \/><\/a><\/div><\/div><div style=\"padding:10px;\" class=\"fusion-grid-column fusion-gallery-column fusion-gallery-column-3 hover-type-zoomin\"><div class=\"fusion-gallery-image\"><a href=\"https:\/\/www.techostensados.com\/wp-content\/uploads\/2020\/01\/techos-tensados-equipo-6-rotated.jpg\" rel=\"noreferrer\" data-rel=\"iLightbox[gallery_image_1]\" class=\"fusion-lightbox\" target=\"_self\"><img decoding=\"async\" src=\"https:\/\/www.techostensados.com\/wp-content\/uploads\/2020\/01\/techos-tensados-equipo-6-460x295.jpg\" width=\"460\" height=\"295\" alt=\"\" title=\"techos-tensados-equipo-6\" aria-label=\"techos-tensados-equipo-6\" class=\"img-responsive wp-image-1192 fusion-gallery-image-size-fixed\"  \/><\/a><\/div><\/div><div class=\"clearfix\"><\/div><\/div><\/div><div class=\"fusion-clearfix\"><\/div><\/div><\/div><\/div><\/div><div class=\"fusion-fullwidth fullwidth-box fusion-builder-row-2 fusion-parallax-none nonhundred-percent-fullwidth non-hundred-percent-height-scrolling fusion-equal-height-columns\" style=\"--awb-border-sizes-top:0px;--awb-border-sizes-bottom:0px;--awb-border-sizes-left:0px;--awb-border-sizes-right:0px;--awb-border-color:#46b1fd;--awb-border-radius-top-left:0px;--awb-border-radius-top-right:0px;--awb-border-radius-bottom-right:0px;--awb-border-radius-bottom-left:0px;--awb-padding-top:6%;--awb-padding-bottom:6%;--awb-background-image:url(&quot;https:\/\/www.techostensados.com\/wp-content\/uploads\/2019\/12\/bg-presupuesto-scaled.jpg&quot;);--awb-background-size:cover;--awb-flex-wrap:wrap;\" ><div class=\"fusion-builder-row fusion-row\"><div class=\"fusion-layout-column fusion_builder_column fusion-builder-column-2 fusion_builder_column_2_3 2_3 fusion-two-third fusion-column-first fusion-column-no-min-height fusion-no-small-visibility fusion-no-medium-visibility\" style=\"--awb-padding-left:15%;--awb-bg-size:cover;--awb-margin-bottom:0px;width:66.666666666667%;width:calc(66.666666666667% - ( ( 4% ) * 0.66666666666667 ) );margin-right: 4%;\"><div class=\"fusion-column-wrapper fusion-column-has-shadow fusion-flex-column-wrapper-legacy\"><div class=\"fusion-column-content-centered\"><div class=\"fusion-column-content\"><div class=\"fusion-title title fusion-title-4 fusion-sep-none fusion-title-text fusion-title-size-two\" style=\"--awb-text-color:#46b1fd;--awb-margin-bottom:0px;--awb-margin-right-small:0px;--awb-margin-bottom-small:0px;--awb-margin-left-small:0px;--awb-font-size:20px;\"><h2 class=\"fusion-title-heading title-heading-left fusion-responsive-typography-calculated\" style=\"margin:0;font-size:1em;--fontSize:20;--minFontSize:20;line-height:1.5;\"><p><strong>T&#8217;AGRADA LA NOSTRA FEINA?<br \/>\n<\/strong><\/p><\/h2><\/div><div class=\"fusion-title title fusion-title-5 fusion-sep-none fusion-title-text fusion-title-size-three\" style=\"--awb-text-color:#ffffff;--awb-margin-bottom:0px;--awb-margin-right-small:0px;--awb-margin-bottom-small:0px;--awb-margin-left-small:0px;--awb-font-size:55px;\"><h3 class=\"fusion-title-heading title-heading-left fusion-responsive-typography-calculated\" style=\"margin:0;font-size:1em;--fontSize:55;line-height:1.3;\">sol\u00b7licita pressupost<\/h3><\/div><\/div><\/div><div class=\"fusion-clearfix\"><\/div><\/div><\/div><div class=\"fusion-layout-column fusion_builder_column fusion-builder-column-3 fusion_builder_column_1_3 1_3 fusion-one-third fusion-column-last fusion-column-no-min-height fusion-no-small-visibility fusion-no-medium-visibility\" style=\"--awb-padding-top:5%;--awb-padding-right:15%;--awb-bg-size:cover;--awb-margin-bottom:0px;width:33.333333333333%;width:calc(33.333333333333% - ( ( 4% ) * 0.33333333333333 ) );\"><div class=\"fusion-column-wrapper fusion-column-has-shadow fusion-flex-column-wrapper-legacy\"><div class=\"fusion-column-content-centered\"><div class=\"fusion-column-content\"><div class=\"fusion-button-wrapper fusion-alignright\"><a class=\"fusion-button button-flat button-xlarge button-default fusion-button-default button-1 fusion-button-default-span fusion-button-default-type\" target=\"_self\" href=\"https:\/\/www.techostensados.com\/ca\/contactar\/\"><span class=\"fusion-button-text awb-button__text awb-button__text--default\">Contacta&#8217;ns<\/span><\/a><\/div><\/div><\/div><div class=\"fusion-clearfix\"><\/div><\/div><\/div><div class=\"fusion-layout-column fusion_builder_column fusion-builder-column-4 fusion_builder_column_1_1 1_1 fusion-one-full fusion-column-first fusion-column-last fusion-no-large-visibility\" style=\"--awb-padding-top:40px;--awb-padding-bottom:40px;--awb-bg-size:cover;--awb-margin-bottom:0px;\"><div class=\"fusion-column-wrapper fusion-column-has-shadow fusion-flex-column-wrapper-legacy\"><div class=\"fusion-column-content-centered\"><div class=\"fusion-column-content\"><div class=\"fusion-title title fusion-title-6 fusion-sep-none fusion-title-center fusion-title-text fusion-title-size-two\" style=\"--awb-text-color:#46b1fd;--awb-margin-bottom:0px;--awb-margin-right-small:0px;--awb-margin-bottom-small:0px;--awb-margin-left-small:0px;--awb-font-size:20px;\"><h2 class=\"fusion-title-heading title-heading-center fusion-responsive-typography-calculated\" style=\"margin:0;font-size:1em;--fontSize:20;--minFontSize:20;line-height:1.5;\"><p><strong>T&#8217;AGRADA LA NOSTRA FEINA?<br \/>\n<\/strong><\/p><\/h2><\/div><div class=\"fusion-title title fusion-title-7 fusion-sep-none fusion-title-center fusion-title-text fusion-title-size-three\" style=\"--awb-text-color:#ffffff;--awb-margin-bottom:20px;--awb-margin-right-small:0px;--awb-margin-bottom-small:20px;--awb-margin-left-small:0px;--awb-font-size:55px;\"><h3 class=\"fusion-title-heading title-heading-center fusion-responsive-typography-calculated\" style=\"margin:0;font-size:1em;--fontSize:55;line-height:1.3;\">sol\u00b7licita pressupost<\/h3><\/div><div class=\"fusion-button-wrapper fusion-aligncenter\"><a class=\"fusion-button button-flat button-xlarge button-default fusion-button-default button-2 fusion-button-default-span fusion-button-default-type\" target=\"_self\" href=\"https:\/\/www.techostensados.com\/ca\/contactar\/\"><span class=\"fusion-button-text awb-button__text awb-button__text--default\">Contacta&#8217;ns<\/span><\/a><\/div><\/div><\/div><div class=\"fusion-clearfix\"><\/div><\/div><\/div><\/div><\/div>\n<\/p>\n","protected":false},"excerpt":{"rendered":"","protected":false},"author":1,"featured_media":0,"parent":0,"menu_order":0,"comment_status":"closed","ping_status":"closed","template":"100-width.php","meta":{"footnotes":""},"class_list":["post-1874","page","type-page","status-publish","hentry"],"yoast_head":"<!-- This site is optimized with the Yoast SEO plugin v27.5 - https:\/\/yoast.com\/product\/yoast-seo-wordpress\/ -->\n<title>Qui som. Instal\u00b7lem sostres tensats &#8212; Techos Tensados<\/title>\n<meta name=\"description\" content=\"A Techos Tensados SLU ens preocupem per tots els detalls en la instal\u00b7laci\u00f3 del teu sostre tensat a mida i personalitzat. M\u00e9s de 38 anys d&#039;experi\u00e8ncia.\" \/>\n<meta name=\"robots\" content=\"index, follow, max-snippet:-1, max-image-preview:large, max-video-preview:-1\" \/>\n<link rel=\"canonical\" href=\"https:\/\/www.techostensados.com\/ca\/qui-som\/\" \/>\n<meta property=\"og:locale\" content=\"ca_ES\" \/>\n<meta property=\"og:type\" content=\"article\" \/>\n<meta property=\"og:title\" content=\"Qui som. Instal\u00b7lem sostres tensats &#8212; Techos Tensados\" \/>\n<meta property=\"og:description\" content=\"A Techos Tensados SLU ens preocupem per tots els detalls en la instal\u00b7laci\u00f3 del teu sostre tensat a mida i personalitzat. M\u00e9s de 38 anys d&#039;experi\u00e8ncia.\" \/>\n<meta property=\"og:url\" content=\"https:\/\/www.techostensados.com\/ca\/qui-som\/\" \/>\n<meta property=\"og:site_name\" content=\"Techos Tensados\" \/>\n<meta property=\"article:modified_time\" content=\"2020-02-12T11:00:51+00:00\" \/>\n<meta name=\"twitter:card\" content=\"summary_large_image\" \/>\n<meta name=\"twitter:label1\" content=\"Temps estimat de lectura\" \/>\n\t<meta name=\"twitter:data1\" content=\"6 minuts\" \/>\n<script type=\"application\/ld+json\" class=\"yoast-schema-graph\">{\"@context\":\"https:\\\/\\\/schema.org\",\"@graph\":[{\"@type\":\"WebPage\",\"@id\":\"https:\\\/\\\/www.techostensados.com\\\/ca\\\/qui-som\\\/\",\"url\":\"https:\\\/\\\/www.techostensados.com\\\/ca\\\/qui-som\\\/\",\"name\":\"Qui som. Instal\u00b7lem sostres tensats &#8212; Techos Tensados\",\"isPartOf\":{\"@id\":\"https:\\\/\\\/www.techostensados.com\\\/ca\\\/#website\"},\"datePublished\":\"2019-12-19T19:05:23+00:00\",\"dateModified\":\"2020-02-12T11:00:51+00:00\",\"description\":\"A Techos Tensados SLU ens preocupem per tots els detalls en la instal\u00b7laci\u00f3 del teu sostre tensat a mida i personalitzat. M\u00e9s de 38 anys d'experi\u00e8ncia.\",\"breadcrumb\":{\"@id\":\"https:\\\/\\\/www.techostensados.com\\\/ca\\\/qui-som\\\/#breadcrumb\"},\"inLanguage\":\"ca\",\"potentialAction\":[{\"@type\":\"ReadAction\",\"target\":[\"https:\\\/\\\/www.techostensados.com\\\/ca\\\/qui-som\\\/\"]}]},{\"@type\":\"BreadcrumbList\",\"@id\":\"https:\\\/\\\/www.techostensados.com\\\/ca\\\/qui-som\\\/#breadcrumb\",\"itemListElement\":[{\"@type\":\"ListItem\",\"position\":1,\"name\":\"Portada\",\"item\":\"https:\\\/\\\/www.techostensados.com\\\/ca\\\/\"},{\"@type\":\"ListItem\",\"position\":2,\"name\":\"Qui som\"}]},{\"@type\":\"WebSite\",\"@id\":\"https:\\\/\\\/www.techostensados.com\\\/ca\\\/#website\",\"url\":\"https:\\\/\\\/www.techostensados.com\\\/ca\\\/\",\"name\":\"Techos Tensados\",\"description\":\"Fabricaci\u00f3n e instalaci\u00f3n de techos tensados y telas murales para profesionales y particulares\",\"publisher\":{\"@id\":\"https:\\\/\\\/www.techostensados.com\\\/ca\\\/#organization\"},\"potentialAction\":[{\"@type\":\"SearchAction\",\"target\":{\"@type\":\"EntryPoint\",\"urlTemplate\":\"https:\\\/\\\/www.techostensados.com\\\/ca\\\/?s={search_term_string}\"},\"query-input\":{\"@type\":\"PropertyValueSpecification\",\"valueRequired\":true,\"valueName\":\"search_term_string\"}}],\"inLanguage\":\"ca\"},{\"@type\":\"Organization\",\"@id\":\"https:\\\/\\\/www.techostensados.com\\\/ca\\\/#organization\",\"name\":\"Techos Tensados SLU\",\"url\":\"https:\\\/\\\/www.techostensados.com\\\/ca\\\/\",\"logo\":{\"@type\":\"ImageObject\",\"inLanguage\":\"ca\",\"@id\":\"https:\\\/\\\/www.techostensados.com\\\/ca\\\/#\\\/schema\\\/logo\\\/image\\\/\",\"url\":\"https:\\\/\\\/www.techostensados.com\\\/wp-content\\\/uploads\\\/2020\\\/02\\\/logo-techostensados-normal.png\",\"contentUrl\":\"https:\\\/\\\/www.techostensados.com\\\/wp-content\\\/uploads\\\/2020\\\/02\\\/logo-techostensados-normal.png\",\"width\":1146,\"height\":213,\"caption\":\"Techos Tensados SLU\"},\"image\":{\"@id\":\"https:\\\/\\\/www.techostensados.com\\\/ca\\\/#\\\/schema\\\/logo\\\/image\\\/\"}}]}<\/script>\n<!-- \/ Yoast SEO plugin. -->","yoast_head_json":{"title":"Qui som. Instal\u00b7lem sostres tensats &#8212; Techos Tensados","description":"A Techos Tensados SLU ens preocupem per tots els detalls en la instal\u00b7laci\u00f3 del teu sostre tensat a mida i personalitzat. M\u00e9s de 38 anys d'experi\u00e8ncia.","robots":{"index":"index","follow":"follow","max-snippet":"max-snippet:-1","max-image-preview":"max-image-preview:large","max-video-preview":"max-video-preview:-1"},"canonical":"https:\/\/www.techostensados.com\/ca\/qui-som\/","og_locale":"ca_ES","og_type":"article","og_title":"Qui som. Instal\u00b7lem sostres tensats &#8212; Techos Tensados","og_description":"A Techos Tensados SLU ens preocupem per tots els detalls en la instal\u00b7laci\u00f3 del teu sostre tensat a mida i personalitzat. M\u00e9s de 38 anys d'experi\u00e8ncia.","og_url":"https:\/\/www.techostensados.com\/ca\/qui-som\/","og_site_name":"Techos Tensados","article_modified_time":"2020-02-12T11:00:51+00:00","twitter_card":"summary_large_image","twitter_misc":{"Temps estimat de lectura":"6 minuts"},"schema":{"@context":"https:\/\/schema.org","@graph":[{"@type":"WebPage","@id":"https:\/\/www.techostensados.com\/ca\/qui-som\/","url":"https:\/\/www.techostensados.com\/ca\/qui-som\/","name":"Qui som. Instal\u00b7lem sostres tensats &#8212; Techos Tensados","isPartOf":{"@id":"https:\/\/www.techostensados.com\/ca\/#website"},"datePublished":"2019-12-19T19:05:23+00:00","dateModified":"2020-02-12T11:00:51+00:00","description":"A Techos Tensados SLU ens preocupem per tots els detalls en la instal\u00b7laci\u00f3 del teu sostre tensat a mida i personalitzat. M\u00e9s de 38 anys d'experi\u00e8ncia.","breadcrumb":{"@id":"https:\/\/www.techostensados.com\/ca\/qui-som\/#breadcrumb"},"inLanguage":"ca","potentialAction":[{"@type":"ReadAction","target":["https:\/\/www.techostensados.com\/ca\/qui-som\/"]}]},{"@type":"BreadcrumbList","@id":"https:\/\/www.techostensados.com\/ca\/qui-som\/#breadcrumb","itemListElement":[{"@type":"ListItem","position":1,"name":"Portada","item":"https:\/\/www.techostensados.com\/ca\/"},{"@type":"ListItem","position":2,"name":"Qui som"}]},{"@type":"WebSite","@id":"https:\/\/www.techostensados.com\/ca\/#website","url":"https:\/\/www.techostensados.com\/ca\/","name":"Techos Tensados","description":"Fabricaci\u00f3n e instalaci\u00f3n de techos tensados y telas murales para profesionales y particulares","publisher":{"@id":"https:\/\/www.techostensados.com\/ca\/#organization"},"potentialAction":[{"@type":"SearchAction","target":{"@type":"EntryPoint","urlTemplate":"https:\/\/www.techostensados.com\/ca\/?s={search_term_string}"},"query-input":{"@type":"PropertyValueSpecification","valueRequired":true,"valueName":"search_term_string"}}],"inLanguage":"ca"},{"@type":"Organization","@id":"https:\/\/www.techostensados.com\/ca\/#organization","name":"Techos Tensados SLU","url":"https:\/\/www.techostensados.com\/ca\/","logo":{"@type":"ImageObject","inLanguage":"ca","@id":"https:\/\/www.techostensados.com\/ca\/#\/schema\/logo\/image\/","url":"https:\/\/www.techostensados.com\/wp-content\/uploads\/2020\/02\/logo-techostensados-normal.png","contentUrl":"https:\/\/www.techostensados.com\/wp-content\/uploads\/2020\/02\/logo-techostensados-normal.png","width":1146,"height":213,"caption":"Techos Tensados SLU"},"image":{"@id":"https:\/\/www.techostensados.com\/ca\/#\/schema\/logo\/image\/"}}]}},"_links":{"self":[{"href":"https:\/\/www.techostensados.com\/ca\/wp-json\/wp\/v2\/pages\/1874","targetHints":{"allow":["GET"]}}],"collection":[{"href":"https:\/\/www.techostensados.com\/ca\/wp-json\/wp\/v2\/pages"}],"about":[{"href":"https:\/\/www.techostensados.com\/ca\/wp-json\/wp\/v2\/types\/page"}],"author":[{"embeddable":true,"href":"https:\/\/www.techostensados.com\/ca\/wp-json\/wp\/v2\/users\/1"}],"replies":[{"embeddable":true,"href":"https:\/\/www.techostensados.com\/ca\/wp-json\/wp\/v2\/comments?post=1874"}],"version-history":[{"count":0,"href":"https:\/\/www.techostensados.com\/ca\/wp-json\/wp\/v2\/pages\/1874\/revisions"}],"wp:attachment":[{"href":"https:\/\/www.techostensados.com\/ca\/wp-json\/wp\/v2\/media?parent=1874"}],"curies":[{"name":"wp","href":"https:\/\/api.w.org\/{rel}","templated":true}]}}